{"id":1406,"date":"2023-08-31T11:34:18","date_gmt":"2023-08-31T11:34:18","guid":{"rendered":"https:\/\/sonora.qodeinteractive.com\/?page_id=1406"},"modified":"2025-03-17T17:00:51","modified_gmt":"2025-03-17T17:00:51","slug":"about-me","status":"publish","type":"page","link":"https:\/\/sophiacarrara.com\/de\/about-me\/","title":{"rendered":"About me"},"content":{"rendered":"<div data-elementor-type=\"wp-page\" data-elementor-id=\"1406\" class=\"elementor elementor-1406\">\n\t\t\t\t<div class=\"elementor-element elementor-element-3b041c4 e-con-full e-flex e-con e-parent\" data-id=\"3b041c4\" data-element_type=\"container\" data-e-type=\"container\">\n\t\t\t\t<div class=\"elementor-element elementor-element-3d0f92a elementor-widget elementor-widget-sonora_core_section_title\" data-id=\"3d0f92a\" data-element_type=\"widget\" data-e-type=\"widget\" data-widget_type=\"sonora_core_section_title.default\">\n\t\t\t\t<div class=\"elementor-widget-container\">\n\t\t\t\t\t<div class=\"qodef-shortcode qodef-m  qodef-section-title qodef-alignment--left\">\n    \t\t<h1 class=\"qodef-m-title\" >\n\t\t\t\t\tMehr als nur Fotos\t\t\t<\/h1>\n\t<\/div>\n\t\t\t\t<\/div>\n\t\t\t\t<\/div>\n\t\t\t\t<\/div>\n\t\t<div class=\"elementor-element elementor-element-8e5cf68 e-con-full e-flex e-con e-parent\" data-id=\"8e5cf68\" data-element_type=\"container\" data-e-type=\"container\">\n\t\t<div class=\"elementor-element elementor-element-4189044 e-con-full e-flex e-con e-child\" data-id=\"4189044\" data-element_type=\"container\" data-e-type=\"container\">\n\t\t<div class=\"elementor-element elementor-element-f869cc9 e-flex e-con-boxed e-con e-child\" data-id=\"f869cc9\" data-element_type=\"container\" data-e-type=\"container\" data-settings=\"{&quot;background_background&quot;:&quot;classic&quot;}\">\n\t\t\t\t\t<div class=\"e-con-inner\">\n\t\t\t\t<div class=\"elementor-element elementor-element-94a598e elementor-widget elementor-widget-sonora_core_section_title\" data-id=\"94a598e\" data-element_type=\"widget\" data-e-type=\"widget\" data-widget_type=\"sonora_core_section_title.default\">\n\t\t\t\t<div class=\"elementor-widget-container\">\n\t\t\t\t\t<div class=\"qodef-shortcode qodef-m  qodef-section-title qodef-alignment--left\">\n    \t\t\t<p class=\"qodef-m-text\" >Hi, ich bin Sophia, Fotografin und Designerin aus Berlin. Ich liebe es, mit Menschen vor meiner Kamera zu arbeiten, aber genauso sehr liebe ich es im stillen K\u00e4mmerlein kreativ zu sein und \u00fcber neue Ideen und Konzepte nachzudenken. Ich konzentriere mich haupts\u00e4chlich auf People- und Eventfotografie, aber habe k\u00fcrzlich eine neue Leidenschaft entdeckt: ScanArt. Ob ich nun Momente mit der Kamera einfange oder an neuen Designs arbeite \u2013 ich experimentiere gerne mit unkonventionellen Techniken, um meine k\u00fcnstlerische Vision zum Leben zu erwecken.<\/p>\n<\/div>\n\t\t\t\t<\/div>\n\t\t\t\t<\/div>\n\t\t\t\t<div class=\"elementor-element elementor-element-1335235 elementor-widget elementor-widget-sonora_core_section_title\" data-id=\"1335235\" data-element_type=\"widget\" data-e-type=\"widget\" data-widget_type=\"sonora_core_section_title.default\">\n\t\t\t\t<div class=\"elementor-widget-container\">\n\t\t\t\t\t<div class=\"qodef-shortcode qodef-m  qodef-section-title qodef-alignment--left\">\n    \t\t\t<p class=\"qodef-m-text\" >Ich habe in verschiedenen St\u00e4dten wie M\u00fcnchen, Frankfurt, Rom, T\u00fcbingen und Philadelphia gelebt und gearbeitet, bevor ich mich in Berlin niedergelassen habe. Obwohl Berlin mein Zuhause ist, bin ich immer offen f\u00fcr Reisen und kreative Projekte, wo auch immer mich interessante Ideen hinf\u00fchren.<\/p>\n<\/div>\n\t\t\t\t<\/div>\n\t\t\t\t<\/div>\n\t\t\t\t<div class=\"elementor-element elementor-element-574a4e9 elementor-widget elementor-widget-sonora_core_section_title\" data-id=\"574a4e9\" data-element_type=\"widget\" data-e-type=\"widget\" data-widget_type=\"sonora_core_section_title.default\">\n\t\t\t\t<div class=\"elementor-widget-container\">\n\t\t\t\t\t<div class=\"qodef-shortcode qodef-m  qodef-section-title qodef-alignment--left\">\n    \t\t\t<p class=\"qodef-m-text\" >Wenn du Lust hast, zusammenzuarbeiten oder einfach mal \u201eHallo\u201c sagen m\u00f6chtest, sende mir eine Nachricht! Ich freue mich darauf, gemeinsam kreativ zu werden.<\/p>\n<\/div>\n\t\t\t\t<\/div>\n\t\t\t\t<\/div>\n\t\t\t\t<div class=\"elementor-element elementor-element-152cdbc elementor-widget elementor-widget-qi_addons_for_elementor_button\" data-id=\"152cdbc\" data-element_type=\"widget\" data-e-type=\"widget\" data-widget_type=\"qi_addons_for_elementor_button.default\">\n\t\t\t\t<div class=\"elementor-widget-container\">\n\t\t\t\t\t<a class=\"qodef-shortcode qodef-m qodef-qi-button qodef-html--link qodef-layout--filled qodef-type--standard qodef-size--small qodef-icon--right qodef-hover--icon-move-horizontal-short\" href=\"https:\/\/sophiacarrara.com\/de\/contact-us\/\" target=\"_self\">\n\t<span class=\"qodef-m-text\">Nachricht senden<\/span>\n\t<\/a>\n\t\t\t\t<\/div>\n\t\t\t\t<\/div>\n\t\t\t\t<div class=\"elementor-element elementor-element-269e5dd elementor-widget elementor-widget-spacer\" data-id=\"269e5dd\" data-element_type=\"widget\" data-e-type=\"widget\" data-widget_type=\"spacer.default\">\n\t\t\t\t<div class=\"elementor-widget-container\">\n\t\t\t\t\t\t\t<div class=\"elementor-spacer\">\n\t\t\t<div class=\"elementor-spacer-inner\"><\/div>\n\t\t<\/div>\n\t\t\t\t\t\t<\/div>\n\t\t\t\t<\/div>\n\t\t\t\t\t<\/div>\n\t\t\t\t<\/div>\n\t\t<div class=\"elementor-element elementor-element-973d86f e-flex e-con-boxed e-con e-child\" data-id=\"973d86f\" data-element_type=\"container\" data-e-type=\"container\">\n\t\t\t\t\t<div class=\"e-con-inner\">\n\t\t<div class=\"elementor-element elementor-element-d41e0c2 e-flex e-con-boxed e-con e-child\" data-id=\"d41e0c2\" data-element_type=\"container\" data-e-type=\"container\">\n\t\t\t\t\t<div class=\"e-con-inner\">\n\t\t<div class=\"elementor-element elementor-element-e4a9c69 e-con-full e-flex e-con e-child\" data-id=\"e4a9c69\" data-element_type=\"container\" data-e-type=\"container\">\n\t\t\t\t<div class=\"elementor-element elementor-element-6b0407f elementor-widget elementor-widget-sonora_core_section_title\" data-id=\"6b0407f\" data-element_type=\"widget\" data-e-type=\"widget\" data-widget_type=\"sonora_core_section_title.default\">\n\t\t\t\t<div class=\"elementor-widget-container\">\n\t\t\t\t\t<div class=\"qodef-shortcode qodef-m  qodef-section-title qodef-alignment--left\">\n    \t\t<h5 class=\"qodef-m-title\" >\n\t\t\t\t\tAusbildung\t\t\t<\/h5>\n\t<\/div>\n\t\t\t\t<\/div>\n\t\t\t\t<\/div>\n\t\t\t\t<div class=\"elementor-element elementor-element-41cc1f2 elementor-widget elementor-widget-sonora_core_section_title\" data-id=\"41cc1f2\" data-element_type=\"widget\" data-e-type=\"widget\" data-widget_type=\"sonora_core_section_title.default\">\n\t\t\t\t<div class=\"elementor-widget-container\">\n\t\t\t\t\t<div class=\"qodef-shortcode qodef-m  qodef-section-title qodef-alignment--left\">\n    \t\t<h6 class=\"qodef-m-title\" >\n\t\t\t\t\tHochschule M\u00fcnchen (BA)\t\t\t<\/h6>\n\t<\/div>\n\t\t\t\t<\/div>\n\t\t\t\t<\/div>\n\t\t\t\t<div class=\"elementor-element elementor-element-440dbbc elementor-widget elementor-widget-sonora_core_section_title\" data-id=\"440dbbc\" data-element_type=\"widget\" data-e-type=\"widget\" data-widget_type=\"sonora_core_section_title.default\">\n\t\t\t\t<div class=\"elementor-widget-container\">\n\t\t\t\t\t<div class=\"qodef-shortcode qodef-m  qodef-section-title qodef-alignment--left\">\n    \t\t<p class=\"qodef-m-title\" >\n\t\t\t\t\t2019 \u2013 Fotodesign\t\t\t<\/p>\n\t<\/div>\n\t\t\t\t<\/div>\n\t\t\t\t<\/div>\n\t\t\t\t<\/div>\n\t\t<div class=\"elementor-element elementor-element-43f3f51 e-con-full e-flex e-con e-child\" data-id=\"43f3f51\" data-element_type=\"container\" data-e-type=\"container\">\n\t\t\t\t<div class=\"elementor-element elementor-element-2015fb7 elementor-widget elementor-widget-sonora_core_section_title\" data-id=\"2015fb7\" data-element_type=\"widget\" data-e-type=\"widget\" data-widget_type=\"sonora_core_section_title.default\">\n\t\t\t\t<div class=\"elementor-widget-container\">\n\t\t\t\t\t<div class=\"qodef-shortcode qodef-m  qodef-section-title qodef-alignment--left\">\n    \t\t<h6 class=\"qodef-m-title\" >\n\t\t\t\t\tUniversit\u00e4t T\u00fcbingen \u2013 Master of Arts\t\t\t<\/h6>\n\t<\/div>\n\t\t\t\t<\/div>\n\t\t\t\t<\/div>\n\t\t\t\t<div class=\"elementor-element elementor-element-d396eee elementor-widget elementor-widget-sonora_core_section_title\" data-id=\"d396eee\" data-element_type=\"widget\" data-e-type=\"widget\" data-widget_type=\"sonora_core_section_title.default\">\n\t\t\t\t<div class=\"elementor-widget-container\">\n\t\t\t\t\t<div class=\"qodef-shortcode qodef-m  qodef-section-title qodef-alignment--left\">\n    \t\t<p class=\"qodef-m-title\" >\n\t\t\t\t\t2023 \u2013 Medienwissenschaft\t\t\t<\/p>\n\t<\/div>\n\t\t\t\t<\/div>\n\t\t\t\t<\/div>\n\t\t\t\t<\/div>\n\t\t\t\t\t<\/div>\n\t\t\t\t<\/div>\n\t\t\t\t\t<\/div>\n\t\t\t\t<\/div>\n\t\t\t\t<\/div>\n\t\t<div class=\"elementor-element elementor-element-0ca0bf6 e-con-full e-flex e-con e-child\" data-id=\"0ca0bf6\" data-element_type=\"container\" data-e-type=\"container\">\n\t\t\t\t<div class=\"elementor-element elementor-element-7e9ee80 elementor-widget elementor-widget-image\" data-id=\"7e9ee80\" data-element_type=\"widget\" data-e-type=\"widget\" data-widget_type=\"image.default\">\n\t\t\t\t<div class=\"elementor-widget-container\">\n\t\t\t\t\t\t\t\t\t\t\t\t\t\t\t<img fetchpriority=\"high\" decoding=\"async\" width=\"853\" height=\"911\" src=\"https:\/\/sophiacarrara.com\/wp-content\/uploads\/2025\/03\/AusprobiernPolaroid33.jpg\" class=\"attachment-large size-large wp-image-8440\" alt=\"\" srcset=\"https:\/\/sophiacarrara.com\/wp-content\/uploads\/2025\/03\/AusprobiernPolaroid33.jpg 853w, https:\/\/sophiacarrara.com\/wp-content\/uploads\/2025\/03\/AusprobiernPolaroid33-281x300.jpg 281w, https:\/\/sophiacarrara.com\/wp-content\/uploads\/2025\/03\/AusprobiernPolaroid33-768x820.jpg 768w, https:\/\/sophiacarrara.com\/wp-content\/uploads\/2025\/03\/AusprobiernPolaroid33-600x641.jpg 600w\" sizes=\"(max-width: 853px) 100vw, 853px\" \/>\t\t\t\t\t\t\t\t\t\t\t\t\t\t\t<\/div>\n\t\t\t\t<\/div>\n\t\t<div class=\"elementor-element elementor-element-1b4ca6b e-con-full e-flex e-con e-child\" data-id=\"1b4ca6b\" data-element_type=\"container\" data-e-type=\"container\">\n\t\t\t\t<div class=\"elementor-element elementor-element-8d96f84 elementor-widget elementor-widget-sonora_core_section_title\" data-id=\"8d96f84\" data-element_type=\"widget\" data-e-type=\"widget\" data-widget_type=\"sonora_core_section_title.default\">\n\t\t\t\t<div class=\"elementor-widget-container\">\n\t\t\t\t\t<div class=\"qodef-shortcode qodef-m  qodef-section-title qodef-alignment--left\">\n    \t\t<h5 class=\"qodef-m-title\" >\n\t\t\t\t\tFolge mir\t\t\t<\/h5>\n\t<\/div>\n\t\t\t\t<\/div>\n\t\t\t\t<\/div>\n\t\t\t\t<div class=\"elementor-element elementor-element-677a676 elementor-widget elementor-widget-sonora_core_social_share\" data-id=\"677a676\" data-element_type=\"widget\" data-e-type=\"widget\" data-widget_type=\"sonora_core_social_share.default\">\n\t\t\t\t<div class=\"elementor-widget-container\">\n\t\t\t\t\t<div class=\"qodef-shortcode qodef-m  qodef-social-share clear qodef-layout--text\">\n\t\t<ul class=\"qodef-shortcode-list\">\n\t\t<li class=\"qodef-facebook-share\">\n\t<a itemprop=\"url\" class=\"qodef-share-link\" href=\"#\" onclick=\"window.open(&#039;https:\/\/www.facebook.com\/sharer.php?u=https%3A%2F%2Fsophiacarrara.com%2Fde%2Fabout-me%2F&#039;, &#039;sharer&#039;, &#039;toolbar=0,status=0,width=620,height=280&#039;);\">\n\t\t\t\t\t<span class=\"qodef-social-network-text\">fb<\/span>\n\t\t\t<\/a>\n<\/li>\n<li class=\"qodef-linkedin-share\">\n\t<a itemprop=\"url\" class=\"qodef-share-link\" href=\"#\" onclick=\"popUp=window.open(&#039;https:\/\/www.linkedin.com\/sharing\/share-offsite?url==https%3A%2F%2Fsophiacarrara.com%2Fde%2Fabout-me%2F&amp;title=About+me&#039;, &#039;popupwindow&#039;, &#039;scrollbars=yes,width=800,height=400&#039;);popUp.focus();return false;\">\n\t\t\t\t\t<span class=\"qodef-social-network-text\">in<\/span>\n\t\t\t<\/a>\n<\/li>\n<li class=\"qodef-pinterest-share\">\n\t<a itemprop=\"url\" class=\"qodef-share-link\" href=\"#\" onclick=\"popUp=window.open(&#039;https:\/\/pinterest.com\/pin\/create\/button\/?url=https%3A%2F%2Fsophiacarrara.com%2Fde%2Fabout-me%2F&amp;description=About+me&amp;media=&#039;, &#039;popupwindow&#039;, &#039;scrollbars=yes,width=800,height=400&#039;);popUp.focus();return false;\">\n\t\t\t\t\t<span class=\"qodef-social-network-text\">pn<\/span>\n\t\t\t<\/a>\n<\/li>\n\t<\/ul>\n<\/div>\n\t\t\t\t<\/div>\n\t\t\t\t<\/div>\n\t\t\t\t<\/div>\n\t\t\t\t<\/div>\n\t\t\t\t<\/div>\n\t\t<div class=\"elementor-element elementor-element-4f1c224 e-flex e-con-boxed e-con e-parent\" data-id=\"4f1c224\" data-element_type=\"container\" data-e-type=\"container\">\n\t\t\t\t\t<div class=\"e-con-inner\">\n\t\t\t\t<div class=\"elementor-element elementor-element-a2aa212 elementor-widget elementor-widget-spacer\" data-id=\"a2aa212\" data-element_type=\"widget\" data-e-type=\"widget\" data-widget_type=\"spacer.default\">\n\t\t\t\t<div class=\"elementor-widget-container\">\n\t\t\t\t\t\t\t<div class=\"elementor-spacer\">\n\t\t\t<div class=\"elementor-spacer-inner\"><\/div>\n\t\t<\/div>\n\t\t\t\t\t\t<\/div>\n\t\t\t\t<\/div>\n\t\t\t\t\t<\/div>\n\t\t\t\t<\/div>\n\t\t\t\t<\/div>","protected":false},"excerpt":{"rendered":"<p>Capturing moments &amp; creating art Hi, I\u2019m Sophia\u2014a photographer and designer based in Berlin. I love working with people in front of my camera just as much as I enjoy experimenting behind the scenes, exploring new ideas and creative concepts. My main focus is people and event photography, but I recently discovered a new passion: [&hellip;]<\/p>\n","protected":false},"author":1,"featured_media":0,"parent":0,"menu_order":0,"comment_status":"closed","ping_status":"closed","template":"","meta":{"footnotes":""},"class_list":["post-1406","page","type-page","status-publish","hentry"],"_links":{"self":[{"href":"https:\/\/sophiacarrara.com\/de\/wp-json\/wp\/v2\/pages\/1406","targetHints":{"allow":["GET"]}}],"collection":[{"href":"https:\/\/sophiacarrara.com\/de\/wp-json\/wp\/v2\/pages"}],"about":[{"href":"https:\/\/sophiacarrara.com\/de\/wp-json\/wp\/v2\/types\/page"}],"author":[{"embeddable":true,"href":"https:\/\/sophiacarrara.com\/de\/wp-json\/wp\/v2\/users\/1"}],"replies":[{"embeddable":true,"href":"https:\/\/sophiacarrara.com\/de\/wp-json\/wp\/v2\/comments?post=1406"}],"version-history":[{"count":24,"href":"https:\/\/sophiacarrara.com\/de\/wp-json\/wp\/v2\/pages\/1406\/revisions"}],"predecessor-version":[{"id":8865,"href":"https:\/\/sophiacarrara.com\/de\/wp-json\/wp\/v2\/pages\/1406\/revisions\/8865"}],"wp:attachment":[{"href":"https:\/\/sophiacarrara.com\/de\/wp-json\/wp\/v2\/media?parent=1406"}],"curies":[{"name":"wp","href":"https:\/\/api.w.org\/{rel}","templated":true}]}}